{"id":1097,"date":"2023-12-23T16:07:50","date_gmt":"2023-12-23T16:07:50","guid":{"rendered":"https:\/\/giorgio.pt\/2023\/privacy-policy\/"},"modified":"2024-02-05T14:56:21","modified_gmt":"2024-02-05T14:56:21","slug":"privacy-policy","status":"publish","type":"page","link":"https:\/\/giorgio.pt\/en\/privacy-policy\/","title":{"rendered":"Privacy Policy"},"content":{"rendered":"<!--themify_builder_content-->\n<div id=\"themify_builder_content-1097\" data-postid=\"1097\" class=\"themify_builder_content themify_builder_content-1097 themify_builder tf_clear\">\n                    <div  data-lazy=\"1\" class=\"module_row themify_builder_row tb_h9f9701 tb_first tf_w\">\n                        <div class=\"row_inner col_align_top tb_col_count_1 tf_box tf_rel\">\n                        <div  data-lazy=\"1\" class=\"module_column tb-column col-full tb_uw05702 first\">\n                    <!-- module text -->\n<div  class=\"module module-text tb_evc650   \" data-lazy=\"1\">\n        <div  class=\"tb_text_wrap\">\n        <h1 class=\"page-title\">Privacy Policy<\/h1><div class=\"page-content entry-content\"><div id=\"themify_builder_content-3\" class=\"themify_builder_content themify_builder_content-3 themify_builder tf_clear\" data-postid=\"3\"><div class=\"module_row themify_builder_row tb_0l01657 tb_first tf_w tf_clearfix\"><div class=\"row_inner col_align_top tb_col_count_1 tf_box tf_rel\"><div class=\"module_column tb-column col-full tb_q2ib657 first\"><div class=\"tb-column-inner tf_box tf_w\"><div class=\"module module-text tb_0f5e441\"><div class=\"tb_text_wrap\"><h2>Who we are<\/h2><p>Our website can be found at: https:\/\/giorgio.pt\/. The protection of privacy and personal data is a fundamental commitment of GIORGIO RISTORANTES to the holder of personal data who uses GIORGIO RISTORANTES digital platforms and services.<\/p><h2>Legislation<\/h2><p>With the implementation of the new <a href=\"https:\/\/eur-lex.europa.eu\/legal-content\/PT\/TXT\/PDF\/?uri=CELEX:32016R0679&#038;from=PT\" target=\"_blank\" rel=\"noopener\">General Data Protection Regulation (GDPR)<\/a>With effect from May 25, 2018, GIORGIO RISTORANTES hereby declares that it remains strongly committed to protecting the privacy and personal data of the data subject who uses the GIORGIO RISTORANTES digital platforms and services, and is updating its Privacy Policy accordingly, in accordance with all the data protection principles and rules that underpin the GDPR.<\/p><h2>Comments<\/h2><p id=\"tw-target-text\" class=\"tw-data-text tw-text-large tw-ta\" dir=\"ltr\" data-placeholder=\"Tradu\u00e7\u00e3o\" data-ved=\"2ahUKEwj83aLRuJOCAxVQVKQEHcY-C4oQ3ewLegQIBhAP\"><span class=\"Y2IQFc\" lang=\"pt\">When visitors leave comments on the Website, we collect the personal data shown in the comments form, and also the visitor&#8217;s IP address and browser user agent string to help <\/span><span class=\"Y2IQFc\" lang=\"pt\">spam <\/span><span class=\"Y2IQFc\" lang=\"pt\">detection <\/span>. Personal data is information relating to an identified or identifiable person. Examples of personal data:<\/p><p class=\"tw-data-text tw-text-large tw-ta\" dir=\"ltr\" data-placeholder=\"Tradu\u00e7\u00e3o\" data-ved=\"2ahUKEwj83aLRuJOCAxVQVKQEHcY-C4oQ3ewLegQIBhAP\">&#8211; Name and surname;<br>&#8211; Address of a residence;<br>&#8211; Email address;<br>&#8211; Number of an ID card;<br>&#8211; Location data (for example, the location data function on a cell phone);<br>&#8211; IP address (internet protocol);<br>&#8211; Cookies;<br>&#8211; Your phone&#8217;s advertising identifier;<\/p><h2>Cookies<\/h2><p>If you leave a comment on our website, you can choose to save your name, e-mail address and website in cookies. They are for your convenience, so you don&#8217;t have to fill in your details again when you leave another comment. These cookies last for a year. You can redefine the form and definition of Cookies on this Website at any time.<\/p><h2 id=\"tw-target-text\" class=\"tw-data-text tw-text-large tw-ta\" dir=\"ltr\" data-placeholder=\"Tradu\u00e7\u00e3o\" data-ved=\"2ahUKEwjgz4uBu5OCAxXKcKQEHdfRAmkQ3ewLegQIBhAP\"><span class=\"Y2IQFc\" lang=\"pt\">Embedded content from other sites<\/span><\/h2><p id=\"tw-target-text\" class=\"tw-data-text tw-text-large tw-ta\" dir=\"ltr\" data-placeholder=\"Tradu\u00e7\u00e3o\" data-ved=\"2ahUKEwjgz4uBu5OCAxXKcKQEHdfRAmkQ3ewLegQIBhAP\"><span class=\"Y2IQFc\" lang=\"pt\">The pages of this website may include embedded content (e.g. videos, images, articles, etc.). Embedded content from other websites behaves in exactly the same way as if the visitor had visited the other website.<\/span><\/p><p dir=\"ltr\" data-placeholder=\"Tradu\u00e7\u00e3o\" data-ved=\"2ahUKEwjgz4uBu5OCAxXKcKQEHdfRAmkQ3ewLegQIBhAP\">GIORGIO RISTORANTES takes all necessary and legally required precautions to guarantee the privacy of personal data processed and\/or transmitted through its digital platforms. These precautions guarantee the online and offline security of this information<\/p><h2>Who we share your data with<\/h2><p>We do not share your personal data that you may provide on this website with third parties.<\/p><h2>What rights you have over your data<\/h2><p id=\"tw-target-text\" class=\"tw-data-text tw-text-large tw-ta\" dir=\"ltr\" data-placeholder=\"Tradu\u00e7\u00e3o\" data-ved=\"2ahUKEwiD6Zv1u-mCAxXrUaQEHc8ABPIQ3ewLegQICRAQ\"><span class=\"Y2IQFc\" lang=\"pt\">You can request at any time that we delete any personal data we hold about you. This does not include any data that we are obliged to keep for administrative, legal or security purposes.<\/span><\/p><\/div><\/div><\/div><\/div><\/div><\/div><\/div><\/div>    <\/div>\n<\/div>\n<!-- \/module text -->        <\/div>\n                        <\/div>\n        <\/div>\n        <\/div>\n<!--\/themify_builder_content-->","protected":false},"excerpt":{"rendered":"<p>Pol\u00edtica de Privacidade Quem Somos O nosso Website encontra-se no url: https:\/\/giorgio.pt\/. A prote\u00e7\u00e3o da privacidade e dos dados pessoais constitui um compromisso fundamental da GIORGIO RISTORANTES, para com o titular de dados pessoais que utiliza as plataformas digitais e os servi\u00e7os GIORGIO RISTORANTES. Legisla\u00e7\u00e3o Com a aplica\u00e7\u00e3o do novo\u00a0Regulamento Geral sobre a Prote\u00e7\u00e3o de [&hellip;]<\/p>\n","protected":false},"author":1,"featured_media":0,"parent":0,"menu_order":0,"comment_status":"closed","ping_status":"open","template":"","meta":{"footnotes":""},"class_list":["post-1097","page","type-page","status-publish","hentry","has-post-title","has-post-date","has-post-category","has-post-tag","has-post-comment","has-post-author",""],"_links":{"self":[{"href":"https:\/\/giorgio.pt\/en\/wp-json\/wp\/v2\/pages\/1097","targetHints":{"allow":["GET"]}}],"collection":[{"href":"https:\/\/giorgio.pt\/en\/wp-json\/wp\/v2\/pages"}],"about":[{"href":"https:\/\/giorgio.pt\/en\/wp-json\/wp\/v2\/types\/page"}],"author":[{"embeddable":true,"href":"https:\/\/giorgio.pt\/en\/wp-json\/wp\/v2\/users\/1"}],"replies":[{"embeddable":true,"href":"https:\/\/giorgio.pt\/en\/wp-json\/wp\/v2\/comments?post=1097"}],"version-history":[{"count":7,"href":"https:\/\/giorgio.pt\/en\/wp-json\/wp\/v2\/pages\/1097\/revisions"}],"predecessor-version":[{"id":1117,"href":"https:\/\/giorgio.pt\/en\/wp-json\/wp\/v2\/pages\/1097\/revisions\/1117"}],"wp:attachment":[{"href":"https:\/\/giorgio.pt\/en\/wp-json\/wp\/v2\/media?parent=1097"}],"curies":[{"name":"wp","href":"https:\/\/api.w.org\/{rel}","templated":true}]}}